{"id":17,"date":"2025-12-05T17:09:19","date_gmt":"2025-12-05T16:09:19","guid":{"rendered":"https:\/\/imprezyzder.com\/?page_id=17"},"modified":"2025-12-05T17:16:06","modified_gmt":"2025-12-05T16:16:06","slug":"strona-glowna","status":"publish","type":"page","link":"https:\/\/imprezyzder.com\/","title":{"rendered":"Strona g\u0142\u00f3wna"},"content":{"rendered":"\n<p>W DER wierzymy, \u017ce najlepsze wydarzenia tworz\u0105 ludzie\u2026 i <strong>odrobina<\/strong> wyj\u0105tkowej oprawy! Jeste\u015bmy\u00a0rodzinn\u0105, polsk\u0105 firm\u0105, kt\u00f3ra z pasj\u0105 dostarcza atrakcje, dzi\u0119ki kt\u00f3rym ka\u017cda impreza staje si\u0119 niezapomniana. Od lat zajmujemy si\u0119\u00a0wynajmem fotobudek, dmuchanych zje\u017cd\u017calni dla dzieci oraz namiot\u00f3w eventowych\u00a0\u2013 wszystkiego, co sprawia, \u017ce u\u015bmiech pojawia si\u0119 sam.<\/p>\n\n\n\n<p><\/p>\n","protected":false},"excerpt":{"rendered":"<p>W DER wierzymy, \u017ce najlepsze wydarzenia tworz\u0105 ludzie\u2026 i odrobina wyj\u0105tkowej oprawy! Jeste\u015bmy\u00a0rodzinn\u0105, polsk\u0105 firm\u0105, kt\u00f3ra z pasj\u0105 dostarcza atrakcje, dzi\u0119ki kt\u00f3rym ka\u017cda impreza staje si\u0119 niezapomniana. Od lat zajmujemy si\u0119\u00a0wynajmem fotobudek, dmuchanych zje\u017cd\u017calni dla dzieci oraz namiot\u00f3w eventowych\u00a0\u2013 wszystkiego, co sprawia, \u017ce u\u015bmiech pojawia si\u0119 sam.<\/p>\n","protected":false},"author":1,"featured_media":0,"parent":0,"menu_order":0,"comment_status":"closed","ping_status":"closed","template":"","meta":{"_eb_attr":"","footnotes":""},"class_list":["post-17","page","type-page","status-publish","hentry"],"_links":{"self":[{"href":"https:\/\/imprezyzder.com\/index.php?rest_route=\/wp\/v2\/pages\/17","targetHints":{"allow":["GET"]}}],"collection":[{"href":"https:\/\/imprezyzder.com\/index.php?rest_route=\/wp\/v2\/pages"}],"about":[{"href":"https:\/\/imprezyzder.com\/index.php?rest_route=\/wp\/v2\/types\/page"}],"author":[{"embeddable":true,"href":"https:\/\/imprezyzder.com\/index.php?rest_route=\/wp\/v2\/users\/1"}],"replies":[{"embeddable":true,"href":"https:\/\/imprezyzder.com\/index.php?rest_route=%2Fwp%2Fv2%2Fcomments&post=17"}],"version-history":[{"count":2,"href":"https:\/\/imprezyzder.com\/index.php?rest_route=\/wp\/v2\/pages\/17\/revisions"}],"predecessor-version":[{"id":53,"href":"https:\/\/imprezyzder.com\/index.php?rest_route=\/wp\/v2\/pages\/17\/revisions\/53"}],"wp:attachment":[{"href":"https:\/\/imprezyzder.com\/index.php?rest_route=%2Fwp%2Fv2%2Fmedia&parent=17"}],"curies":[{"name":"wp","href":"https:\/\/api.w.org\/{rel}","templated":true}]}}