{"id":244,"date":"2025-12-06T19:08:52","date_gmt":"2025-12-06T18:08:52","guid":{"rendered":"https:\/\/imprezyzder.com\/?page_id=244"},"modified":"2025-12-11T01:19:22","modified_gmt":"2025-12-11T00:19:22","slug":"dmuchane-zjezdzalnie","status":"publish","type":"page","link":"https:\/\/imprezyzder.com\/?page_id=244","title":{"rendered":"Dmuchane zje\u017cd\u017calnie"},"content":{"rendered":"\n<div class=\"slide-box\">\n\n    <!-- NAG\u0141\u00d3WEK -->\n    <h2 class=\"slide-title\">Dmuchana Zje\u017cd\u017calnia S\u0142onik<\/h2>\n\n    <!-- KONTEJNER ZDJ\u0118CIE + TEKST -->\n    <div class=\"slide-content\">\n\n        <!-- ZDJ\u0118CIE -->\n        <img decoding=\"async\" src=\"https:\/\/imprezyzder.com\/wp-content\/uploads\/2025\/12\/IMG_3636.jpg\"\n             class=\"slide-image\"\n             onclick=\"openSlideImage(this.src)\">\n\n        <!-- OPIS -->\n        <div class=\"slide-text\">\n            Dmuchana zje\u017cd\u017calnia \u201eS\u0142onik\u201d to atrakcja, kt\u00f3ra sprawia, \u017ce ka\u017cde\n            wydarzenie zamienia si\u0119 w prawdziw\u0105 przygod\u0119! Kolorowy wygl\u0105d,\n            przyjazny u\u015bmiech i bezpieczna konstrukcja tworz\u0105 idealne warunki\n            do zabawy dla najm\u0142odszych.\n            <br><br>\n            Idealna na urodziny, festyny, pikniki rodzinne i imprezy plenerowe.\n        <\/div>\n\n        <!-- CENA -->\n        <div class=\"slide-price\">\n            400 z\u0142<br><span>4h zabawy<\/span>\n        <\/div>\n\n    <\/div>\n<\/div>\n\n<!-- MODAL POWI\u0118KSZONEGO ZDJ\u0118CIA -->\n<div class=\"slide-modal\" id=\"slideModal\" onclick=\"closeSlideImage()\">\n    <img id=\"slideModalImg\">\n<\/div>\n\n<script>\nfunction openSlideImage(src) {\n    document.getElementById(\"slideModalImg\").src = src;\n    document.getElementById(\"slideModal\").classList.add(\"open\");\n}\nfunction closeSlideImage() {\n    document.getElementById(\"slideModal\").classList.remove(\"open\");\n}\n<\/script>\n\n","protected":false},"excerpt":{"rendered":"<p>Dmuchana Zje\u017cd\u017calnia S\u0142onik Dmuchana zje\u017cd\u017calnia \u201eS\u0142onik\u201d to atrakcja, kt\u00f3ra sprawia, \u017ce ka\u017cde wydarzenie zamienia si\u0119 w prawdziw\u0105 przygod\u0119! Kolorowy wygl\u0105d, przyjazny u\u015bmiech i bezpieczna konstrukcja tworz\u0105 idealne warunki do zabawy dla najm\u0142odszych. Idealna na urodziny, festyny, pikniki rodzinne i imprezy plenerowe. 400 z\u01424h zabawy<\/p>\n","protected":false},"author":1,"featured_media":0,"parent":0,"menu_order":0,"comment_status":"closed","ping_status":"closed","template":"","meta":{"_eb_attr":"","footnotes":""},"class_list":["post-244","page","type-page","status-publish","hentry"],"_links":{"self":[{"href":"https:\/\/imprezyzder.com\/index.php?rest_route=\/wp\/v2\/pages\/244","targetHints":{"allow":["GET"]}}],"collection":[{"href":"https:\/\/imprezyzder.com\/index.php?rest_route=\/wp\/v2\/pages"}],"about":[{"href":"https:\/\/imprezyzder.com\/index.php?rest_route=\/wp\/v2\/types\/page"}],"author":[{"embeddable":true,"href":"https:\/\/imprezyzder.com\/index.php?rest_route=\/wp\/v2\/users\/1"}],"replies":[{"embeddable":true,"href":"https:\/\/imprezyzder.com\/index.php?rest_route=%2Fwp%2Fv2%2Fcomments&post=244"}],"version-history":[{"count":7,"href":"https:\/\/imprezyzder.com\/index.php?rest_route=\/wp\/v2\/pages\/244\/revisions"}],"predecessor-version":[{"id":417,"href":"https:\/\/imprezyzder.com\/index.php?rest_route=\/wp\/v2\/pages\/244\/revisions\/417"}],"wp:attachment":[{"href":"https:\/\/imprezyzder.com\/index.php?rest_route=%2Fwp%2Fv2%2Fmedia&parent=244"}],"curies":[{"name":"wp","href":"https:\/\/api.w.org\/{rel}","templated":true}]}}